{"id":912,"date":"2024-11-01T19:31:20","date_gmt":"2024-11-01T19:31:20","guid":{"rendered":"https:\/\/etnalava.it\/?page_id=912"},"modified":"2024-12-28T22:42:21","modified_gmt":"2024-12-28T22:42:21","slug":"guides-volcanologiques","status":"publish","type":"page","link":"https:\/\/etnalava.it\/fr\/guides-volcanologiques\/","title":{"rendered":"Guides Volcanologiques"},"content":{"rendered":"","protected":false},"excerpt":{"rendered":"","protected":false},"author":1,"featured_media":1102,"parent":0,"menu_order":0,"comment_status":"closed","ping_status":"closed","template":"template-parts\/guide-page.php","meta":{"_acf_changed":false,"inline_featured_image":false,"_joinchat":[],"footnotes":""},"class_list":["post-912","page","type-page","status-publish","has-post-thumbnail","hentry"],"acf":[],"yoast_head":"<!-- This site is optimized with the Yoast SEO plugin v26.7 - https:\/\/yoast.com\/wordpress\/plugins\/seo\/ -->\n<title>Rencontrez nos guides experts en volcanologie - Etna Lava Volcano Guide<\/title>\n<meta name=\"description\" content=\"D\u00e9couvrez l&#039;expertise et la passion des guides volcanologues certifi\u00e9s d&#039;Etna Lava. Des excursions s\u00fbres et authentiques adapt\u00e9es \u00e0 vos besoins.\" \/>\n<meta name=\"robots\" content=\"index, follow, max-snippet:-1, max-image-preview:large, max-video-preview:-1\" \/>\n<link rel=\"canonical\" href=\"https:\/\/etnalava.it\/fr\/guides-volcanologiques\/\" \/>\n<meta property=\"og:locale\" content=\"fr_FR\" \/>\n<meta property=\"og:type\" content=\"article\" \/>\n<meta property=\"og:title\" content=\"Rencontrez nos guides experts en volcanologie - Etna Lava Volcano Guide\" \/>\n<meta property=\"og:description\" content=\"D\u00e9couvrez l&#039;expertise et la passion des guides volcanologues certifi\u00e9s d&#039;Etna Lava. Des excursions s\u00fbres et authentiques adapt\u00e9es \u00e0 vos besoins.\" \/>\n<meta property=\"og:url\" content=\"https:\/\/etnalava.it\/fr\/guides-volcanologiques\/\" \/>\n<meta property=\"og:site_name\" content=\"Etna Lava Volcano Guide\" \/>\n<meta property=\"article:modified_time\" content=\"2024-12-28T22:42:21+00:00\" \/>\n<meta property=\"og:image\" content=\"https:\/\/etnalava.it\/wp-content\/uploads\/2024\/11\/alessandro-lo-giudice-guida-vulcanologica-etna-lava-scaled.jpg\" \/>\n\t<meta property=\"og:image:width\" content=\"2560\" \/>\n\t<meta property=\"og:image:height\" content=\"1920\" \/>\n\t<meta property=\"og:image:type\" content=\"image\/jpeg\" \/>\n<meta name=\"twitter:card\" content=\"summary_large_image\" \/>\n<meta name=\"twitter:label1\" content=\"Dur\u00e9e de lecture estim\u00e9e\" \/>\n\t<meta name=\"twitter:data1\" content=\"1 minute\" \/>\n<script type=\"application\/ld+json\" class=\"yoast-schema-graph\">{\"@context\":\"https:\/\/schema.org\",\"@graph\":[{\"@type\":\"WebPage\",\"@id\":\"https:\/\/etnalava.it\/fr\/guides-volcanologiques\/\",\"url\":\"https:\/\/etnalava.it\/fr\/guides-volcanologiques\/\",\"name\":\"Rencontrez nos guides experts en volcanologie - Etna Lava Volcano Guide\",\"isPartOf\":{\"@id\":\"https:\/\/etnalava.it\/fr\/#website\"},\"primaryImageOfPage\":{\"@id\":\"https:\/\/etnalava.it\/fr\/guides-volcanologiques\/#primaryimage\"},\"image\":{\"@id\":\"https:\/\/etnalava.it\/fr\/guides-volcanologiques\/#primaryimage\"},\"thumbnailUrl\":\"https:\/\/etnalava.it\/wp-content\/uploads\/2024\/11\/alessandro-lo-giudice-guida-vulcanologica-etna-lava-scaled.jpg\",\"datePublished\":\"2024-11-01T19:31:20+00:00\",\"dateModified\":\"2024-12-28T22:42:21+00:00\",\"description\":\"D\u00e9couvrez l'expertise et la passion des guides volcanologues certifi\u00e9s d'Etna Lava. Des excursions s\u00fbres et authentiques adapt\u00e9es \u00e0 vos besoins.\",\"breadcrumb\":{\"@id\":\"https:\/\/etnalava.it\/fr\/guides-volcanologiques\/#breadcrumb\"},\"inLanguage\":\"fr-FR\",\"potentialAction\":[{\"@type\":\"ReadAction\",\"target\":[\"https:\/\/etnalava.it\/fr\/guides-volcanologiques\/\"]}]},{\"@type\":\"ImageObject\",\"inLanguage\":\"fr-FR\",\"@id\":\"https:\/\/etnalava.it\/fr\/guides-volcanologiques\/#primaryimage\",\"url\":\"https:\/\/etnalava.it\/wp-content\/uploads\/2024\/11\/alessandro-lo-giudice-guida-vulcanologica-etna-lava-scaled.jpg\",\"contentUrl\":\"https:\/\/etnalava.it\/wp-content\/uploads\/2024\/11\/alessandro-lo-giudice-guida-vulcanologica-etna-lava-scaled.jpg\",\"width\":2560,\"height\":1920,\"caption\":\"alessandro lo giudice guida vulcanologica etna lava scaled\"},{\"@type\":\"BreadcrumbList\",\"@id\":\"https:\/\/etnalava.it\/fr\/guides-volcanologiques\/#breadcrumb\",\"itemListElement\":[{\"@type\":\"ListItem\",\"position\":1,\"name\":\"Home\",\"item\":\"https:\/\/etnalava.it\/fr\/\"},{\"@type\":\"ListItem\",\"position\":2,\"name\":\"Guides Volcanologiques\"}]},{\"@type\":\"WebSite\",\"@id\":\"https:\/\/etnalava.it\/fr\/#website\",\"url\":\"https:\/\/etnalava.it\/fr\/\",\"name\":\"Etna Lava Volcano Guide\",\"description\":\"\",\"publisher\":{\"@id\":\"https:\/\/etnalava.it\/fr\/#organization\"},\"potentialAction\":[{\"@type\":\"SearchAction\",\"target\":{\"@type\":\"EntryPoint\",\"urlTemplate\":\"https:\/\/etnalava.it\/fr\/?s={search_term_string}\"},\"query-input\":{\"@type\":\"PropertyValueSpecification\",\"valueRequired\":true,\"valueName\":\"search_term_string\"}}],\"inLanguage\":\"fr-FR\"},{\"@type\":\"Organization\",\"@id\":\"https:\/\/etnalava.it\/fr\/#organization\",\"name\":\"Etna Lava Volcano Guide\",\"url\":\"https:\/\/etnalava.it\/fr\/\",\"logo\":{\"@type\":\"ImageObject\",\"inLanguage\":\"fr-FR\",\"@id\":\"https:\/\/etnalava.it\/fr\/#\/schema\/logo\/image\/\",\"url\":\"https:\/\/etnalava.it\/wp-content\/uploads\/2024\/11\/etna-lava-volcano-guide-logo.png\",\"contentUrl\":\"https:\/\/etnalava.it\/wp-content\/uploads\/2024\/11\/etna-lava-volcano-guide-logo.png\",\"width\":5961,\"height\":6251,\"caption\":\"Etna Lava Volcano Guide\"},\"image\":{\"@id\":\"https:\/\/etnalava.it\/fr\/#\/schema\/logo\/image\/\"}}]}<\/script>\n<!-- \/ Yoast SEO plugin. -->","yoast_head_json":{"title":"Rencontrez nos guides experts en volcanologie - Etna Lava Volcano Guide","description":"D\u00e9couvrez l'expertise et la passion des guides volcanologues certifi\u00e9s d'Etna Lava. Des excursions s\u00fbres et authentiques adapt\u00e9es \u00e0 vos besoins.","robots":{"index":"index","follow":"follow","max-snippet":"max-snippet:-1","max-image-preview":"max-image-preview:large","max-video-preview":"max-video-preview:-1"},"canonical":"https:\/\/etnalava.it\/fr\/guides-volcanologiques\/","og_locale":"fr_FR","og_type":"article","og_title":"Rencontrez nos guides experts en volcanologie - Etna Lava Volcano Guide","og_description":"D\u00e9couvrez l'expertise et la passion des guides volcanologues certifi\u00e9s d'Etna Lava. Des excursions s\u00fbres et authentiques adapt\u00e9es \u00e0 vos besoins.","og_url":"https:\/\/etnalava.it\/fr\/guides-volcanologiques\/","og_site_name":"Etna Lava Volcano Guide","article_modified_time":"2024-12-28T22:42:21+00:00","og_image":[{"width":2560,"height":1920,"url":"https:\/\/etnalava.it\/wp-content\/uploads\/2024\/11\/alessandro-lo-giudice-guida-vulcanologica-etna-lava-scaled.jpg","type":"image\/jpeg"}],"twitter_card":"summary_large_image","twitter_misc":{"Dur\u00e9e de lecture estim\u00e9e":"1 minute"},"schema":{"@context":"https:\/\/schema.org","@graph":[{"@type":"WebPage","@id":"https:\/\/etnalava.it\/fr\/guides-volcanologiques\/","url":"https:\/\/etnalava.it\/fr\/guides-volcanologiques\/","name":"Rencontrez nos guides experts en volcanologie - Etna Lava Volcano Guide","isPartOf":{"@id":"https:\/\/etnalava.it\/fr\/#website"},"primaryImageOfPage":{"@id":"https:\/\/etnalava.it\/fr\/guides-volcanologiques\/#primaryimage"},"image":{"@id":"https:\/\/etnalava.it\/fr\/guides-volcanologiques\/#primaryimage"},"thumbnailUrl":"https:\/\/etnalava.it\/wp-content\/uploads\/2024\/11\/alessandro-lo-giudice-guida-vulcanologica-etna-lava-scaled.jpg","datePublished":"2024-11-01T19:31:20+00:00","dateModified":"2024-12-28T22:42:21+00:00","description":"D\u00e9couvrez l'expertise et la passion des guides volcanologues certifi\u00e9s d'Etna Lava. Des excursions s\u00fbres et authentiques adapt\u00e9es \u00e0 vos besoins.","breadcrumb":{"@id":"https:\/\/etnalava.it\/fr\/guides-volcanologiques\/#breadcrumb"},"inLanguage":"fr-FR","potentialAction":[{"@type":"ReadAction","target":["https:\/\/etnalava.it\/fr\/guides-volcanologiques\/"]}]},{"@type":"ImageObject","inLanguage":"fr-FR","@id":"https:\/\/etnalava.it\/fr\/guides-volcanologiques\/#primaryimage","url":"https:\/\/etnalava.it\/wp-content\/uploads\/2024\/11\/alessandro-lo-giudice-guida-vulcanologica-etna-lava-scaled.jpg","contentUrl":"https:\/\/etnalava.it\/wp-content\/uploads\/2024\/11\/alessandro-lo-giudice-guida-vulcanologica-etna-lava-scaled.jpg","width":2560,"height":1920,"caption":"alessandro lo giudice guida vulcanologica etna lava scaled"},{"@type":"BreadcrumbList","@id":"https:\/\/etnalava.it\/fr\/guides-volcanologiques\/#breadcrumb","itemListElement":[{"@type":"ListItem","position":1,"name":"Home","item":"https:\/\/etnalava.it\/fr\/"},{"@type":"ListItem","position":2,"name":"Guides Volcanologiques"}]},{"@type":"WebSite","@id":"https:\/\/etnalava.it\/fr\/#website","url":"https:\/\/etnalava.it\/fr\/","name":"Etna Lava Volcano Guide","description":"","publisher":{"@id":"https:\/\/etnalava.it\/fr\/#organization"},"potentialAction":[{"@type":"SearchAction","target":{"@type":"EntryPoint","urlTemplate":"https:\/\/etnalava.it\/fr\/?s={search_term_string}"},"query-input":{"@type":"PropertyValueSpecification","valueRequired":true,"valueName":"search_term_string"}}],"inLanguage":"fr-FR"},{"@type":"Organization","@id":"https:\/\/etnalava.it\/fr\/#organization","name":"Etna Lava Volcano Guide","url":"https:\/\/etnalava.it\/fr\/","logo":{"@type":"ImageObject","inLanguage":"fr-FR","@id":"https:\/\/etnalava.it\/fr\/#\/schema\/logo\/image\/","url":"https:\/\/etnalava.it\/wp-content\/uploads\/2024\/11\/etna-lava-volcano-guide-logo.png","contentUrl":"https:\/\/etnalava.it\/wp-content\/uploads\/2024\/11\/etna-lava-volcano-guide-logo.png","width":5961,"height":6251,"caption":"Etna Lava Volcano Guide"},"image":{"@id":"https:\/\/etnalava.it\/fr\/#\/schema\/logo\/image\/"}}]}},"_links":{"self":[{"href":"https:\/\/etnalava.it\/fr\/wp-json\/wp\/v2\/pages\/912","targetHints":{"allow":["GET"]}}],"collection":[{"href":"https:\/\/etnalava.it\/fr\/wp-json\/wp\/v2\/pages"}],"about":[{"href":"https:\/\/etnalava.it\/fr\/wp-json\/wp\/v2\/types\/page"}],"author":[{"embeddable":true,"href":"https:\/\/etnalava.it\/fr\/wp-json\/wp\/v2\/users\/1"}],"replies":[{"embeddable":true,"href":"https:\/\/etnalava.it\/fr\/wp-json\/wp\/v2\/comments?post=912"}],"version-history":[{"count":4,"href":"https:\/\/etnalava.it\/fr\/wp-json\/wp\/v2\/pages\/912\/revisions"}],"predecessor-version":[{"id":918,"href":"https:\/\/etnalava.it\/fr\/wp-json\/wp\/v2\/pages\/912\/revisions\/918"}],"wp:featuredmedia":[{"embeddable":true,"href":"https:\/\/etnalava.it\/fr\/wp-json\/wp\/v2\/media\/1102"}],"wp:attachment":[{"href":"https:\/\/etnalava.it\/fr\/wp-json\/wp\/v2\/media?parent=912"}],"curies":[{"name":"wp","href":"https:\/\/api.w.org\/{rel}","templated":true}]}}