{"id":3081,"date":"2024-12-24T20:26:08","date_gmt":"2024-12-24T20:26:08","guid":{"rendered":"https:\/\/etnalava.it\/?page_id=3081"},"modified":"2024-12-29T10:15:36","modified_gmt":"2024-12-29T10:15:36","slug":"politique-dannulation","status":"publish","type":"page","link":"https:\/\/etnalava.it\/fr\/politique-dannulation\/","title":{"rendered":"Politique d&rsquo;annulation"},"content":{"rendered":"<p><em>La confiance au premier rang, toujours.<\/em><\/p>\n<p>Da Etna Lava croit que l&rsquo;exp\u00e9rience d&rsquo;une escapade commence avec la confiance et la s\u00e9r\u00e9nit\u00e9. C&rsquo;est pourquoi nous ne demandons pas de paiement anticip\u00e9 pour la majeure partie de nos pr\u00e9paratifs. Nous savons que la vie peut \u00eatre marqu\u00e9e par des impr\u00e9vus et nous souhaitons que vous puissiez organiser votre voyage sans pression.  <\/p>\n<h3><strong>Pour les demandes individuelles : libert\u00e9 et risque<\/strong><\/h3>\n<p>Si vous prenez une d\u00e9cision en tant que simple participant, vous disposez d&rsquo;une libert\u00e9 maximale : vous pouvez annuler votre d\u00e9cision \u00e0 tout moment et sans frais. Nous ne demandons qu&rsquo;un petit geste en \u00e9change : le bon sens. Si, pour quelque raison que ce soit, vous ne pouvez pas participer, avisez-nous d\u00e8s que possible. Cela vous aidera \u00e0 organiser au mieux nos excursions et \u00e0 offrir un service impeccable \u00e0 tous nos h\u00f4tes. Nous croyons au karma : nous traitons chaque demande avec soin, en veillant \u00e0 ce que la m\u00eame attention soit accord\u00e9e. Ne pas se pr\u00e9senter sans pr\u00e9avis est une occasion difficile pour tout le monde, mais nous sommes convaincus de la cordialit\u00e9 de ceux qui veulent vivre l&rsquo;Etna avec nous.   <\/p>\n<h3><strong>Pour les demandes de groupe : un \u00e9quilibre entre organisation et flexibilit\u00e9<\/strong><\/h3>\n<p>Pour les groupes qui ont besoin d&rsquo;une plus grande productivit\u00e9, il est possible de demander une anticipation au moment de la prise de d\u00e9cision. Dans ce cas, notre politique d&rsquo;annulation est simple et claire : <\/p>\n<ul>\n<li><strong>Annulation gratuite jusqu&rsquo;\u00e0 30 jours avant la date pr\u00e9vue.<\/strong><br \/>\nL&rsquo;anticipation sera rembours\u00e9e en partie.<\/li>\n<li><strong>Annulation \u00e0 plus de 30 jours de la date pr\u00e9vue :<\/strong><br \/>\nNous ne pouvons pas rembourser davantage l&rsquo;anticipation, car les pr\u00e9paratifs pour votre exp\u00e9rience ont d\u00e9j\u00e0 entra\u00een\u00e9 des co\u00fbts et des d\u00e9penses de notre part.<\/li>\n<\/ul>\n<h3><strong>Comment se pr\u00e9parer \u00e0 la lave de l&rsquo;Etna ?<\/strong><\/h3>\n<p>Notre philosophie est fond\u00e9e sur la confiance et l&rsquo;amour de la nature. Nous ne voulons pas seulement vous offrir une exp\u00e9rience extraordinaire sur l&rsquo;Etna, mais nous voulons le faire en respectant votre temps et vos souhaits. Prendre rendez-vous avec nous, c&rsquo;est b\u00e9n\u00e9ficier d&rsquo;un service transparent, sans surprise, et vivre une aventure \u00e0 l&rsquo;enseigne de la s\u00e9r\u00e9nit\u00e9. Si vous avez des questions ou si vous souhaitez obtenir des informations sur notre politique d&rsquo;annulation, n&rsquo;h\u00e9sitez pas \u00e0 nous contacter. Nous sommes l\u00e0 pour vous aider \u00e0 organiser une exp\u00e9rience inoubliable sur le volcan actif le plus haut d&rsquo;Europe.  <\/p>\n<div class=\"flex max-w-full flex-col flex-grow\">\n<div class=\"min-h-8 text-message flex w-full flex-col items-end gap-2 whitespace-normal break-words text-start [.text-message+&amp;]:mt-5\" dir=\"auto\" data-message-author-role=\"assistant\" data-message-id=\"69989f3e-43b1-4751-a1da-f44b4f999812\" data-message-model-slug=\"gpt-4o\">\n<div class=\"flex w-full flex-col gap-1 empty:hidden first:pt-[3px]\">\n<div class=\"markdown prose w-full break-words dark:prose-invert dark\">\n<p><strong>La lave de l&rsquo;Etna<\/strong><br \/>\n<em>Votre confiance, notre engagement.<\/em><\/p>\n<\/div>\n<\/div>\n<\/div>\n<\/div>\n","protected":false},"excerpt":{"rendered":"<p>La confiance au premier rang, toujours. Da Etna Lava croit que l&rsquo;exp\u00e9rience d&rsquo;une escapade commence avec la confiance et la s\u00e9r\u00e9nit\u00e9. C&rsquo;est pourquoi nous ne demandons pas de paiement anticip\u00e9 pour la majeure partie de nos pr\u00e9paratifs. Nous savons que la vie peut \u00eatre marqu\u00e9e par des impr\u00e9vus et nous souhaitons que vous puissiez organiser [&hellip;]<\/p>\n","protected":false},"author":1,"featured_media":2644,"parent":0,"menu_order":0,"comment_status":"closed","ping_status":"closed","template":"","meta":{"_acf_changed":false,"inline_featured_image":false,"_joinchat":[],"footnotes":""},"class_list":["post-3081","page","type-page","status-publish","has-post-thumbnail","hentry"],"acf":[],"yoast_head":"<!-- This site is optimized with the Yoast SEO plugin v26.7 - https:\/\/yoast.com\/wordpress\/plugins\/seo\/ -->\n<title>Politique d&#039;annulation de la lave de l&#039;Etna<\/title>\n<meta name=\"robots\" content=\"index, follow, max-snippet:-1, max-image-preview:large, max-video-preview:-1\" \/>\n<link rel=\"canonical\" href=\"https:\/\/etnalava.it\/fr\/politique-dannulation\/\" \/>\n<meta property=\"og:locale\" content=\"fr_FR\" \/>\n<meta property=\"og:type\" content=\"article\" \/>\n<meta property=\"og:title\" content=\"Politique d&#039;annulation de la lave de l&#039;Etna\" \/>\n<meta property=\"og:description\" content=\"La confiance au premier rang, toujours. Da Etna Lava croit que l&rsquo;exp\u00e9rience d&rsquo;une escapade commence avec la confiance et la s\u00e9r\u00e9nit\u00e9. C&rsquo;est pourquoi nous ne demandons pas de paiement anticip\u00e9 pour la majeure partie de nos pr\u00e9paratifs. Nous savons que la vie peut \u00eatre marqu\u00e9e par des impr\u00e9vus et nous souhaitons que vous puissiez organiser [&hellip;]\" \/>\n<meta property=\"og:url\" content=\"https:\/\/etnalava.it\/fr\/politique-dannulation\/\" \/>\n<meta property=\"og:site_name\" content=\"Etna Lava Volcano Guide\" \/>\n<meta property=\"article:modified_time\" content=\"2024-12-29T10:15:36+00:00\" \/>\n<meta property=\"og:image\" content=\"https:\/\/etnalava.it\/wp-content\/uploads\/2024\/12\/trekking-valle-del-bove-etna-scaled.jpg\" \/>\n\t<meta property=\"og:image:width\" content=\"2560\" \/>\n\t<meta property=\"og:image:height\" content=\"1920\" \/>\n\t<meta property=\"og:image:type\" content=\"image\/jpeg\" \/>\n<meta name=\"twitter:card\" content=\"summary_large_image\" \/>\n<meta name=\"twitter:label1\" content=\"Dur\u00e9e de lecture estim\u00e9e\" \/>\n\t<meta name=\"twitter:data1\" content=\"2 minutes\" \/>\n<script type=\"application\/ld+json\" class=\"yoast-schema-graph\">{\"@context\":\"https:\/\/schema.org\",\"@graph\":[{\"@type\":\"WebPage\",\"@id\":\"https:\/\/etnalava.it\/fr\/politique-dannulation\/\",\"url\":\"https:\/\/etnalava.it\/fr\/politique-dannulation\/\",\"name\":\"Politique d'annulation de la lave de l'Etna\",\"isPartOf\":{\"@id\":\"https:\/\/etnalava.it\/fr\/#website\"},\"primaryImageOfPage\":{\"@id\":\"https:\/\/etnalava.it\/fr\/politique-dannulation\/#primaryimage\"},\"image\":{\"@id\":\"https:\/\/etnalava.it\/fr\/politique-dannulation\/#primaryimage\"},\"thumbnailUrl\":\"https:\/\/etnalava.it\/wp-content\/uploads\/2024\/12\/trekking-valle-del-bove-etna-scaled.jpg\",\"datePublished\":\"2024-12-24T20:26:08+00:00\",\"dateModified\":\"2024-12-29T10:15:36+00:00\",\"breadcrumb\":{\"@id\":\"https:\/\/etnalava.it\/fr\/politique-dannulation\/#breadcrumb\"},\"inLanguage\":\"fr-FR\",\"potentialAction\":[{\"@type\":\"ReadAction\",\"target\":[\"https:\/\/etnalava.it\/fr\/politique-dannulation\/\"]}]},{\"@type\":\"ImageObject\",\"inLanguage\":\"fr-FR\",\"@id\":\"https:\/\/etnalava.it\/fr\/politique-dannulation\/#primaryimage\",\"url\":\"https:\/\/etnalava.it\/wp-content\/uploads\/2024\/12\/trekking-valle-del-bove-etna-scaled.jpg\",\"contentUrl\":\"https:\/\/etnalava.it\/wp-content\/uploads\/2024\/12\/trekking-valle-del-bove-etna-scaled.jpg\",\"width\":2560,\"height\":1920,\"caption\":\"trekking valle del bove etna scaled\"},{\"@type\":\"BreadcrumbList\",\"@id\":\"https:\/\/etnalava.it\/fr\/politique-dannulation\/#breadcrumb\",\"itemListElement\":[{\"@type\":\"ListItem\",\"position\":1,\"name\":\"Home\",\"item\":\"https:\/\/etnalava.it\/fr\/\"},{\"@type\":\"ListItem\",\"position\":2,\"name\":\"Politique d&rsquo;annulation\"}]},{\"@type\":\"WebSite\",\"@id\":\"https:\/\/etnalava.it\/fr\/#website\",\"url\":\"https:\/\/etnalava.it\/fr\/\",\"name\":\"Etna Lava Volcano Guide\",\"description\":\"\",\"publisher\":{\"@id\":\"https:\/\/etnalava.it\/fr\/#organization\"},\"potentialAction\":[{\"@type\":\"SearchAction\",\"target\":{\"@type\":\"EntryPoint\",\"urlTemplate\":\"https:\/\/etnalava.it\/fr\/?s={search_term_string}\"},\"query-input\":{\"@type\":\"PropertyValueSpecification\",\"valueRequired\":true,\"valueName\":\"search_term_string\"}}],\"inLanguage\":\"fr-FR\"},{\"@type\":\"Organization\",\"@id\":\"https:\/\/etnalava.it\/fr\/#organization\",\"name\":\"Etna Lava Volcano Guide\",\"url\":\"https:\/\/etnalava.it\/fr\/\",\"logo\":{\"@type\":\"ImageObject\",\"inLanguage\":\"fr-FR\",\"@id\":\"https:\/\/etnalava.it\/fr\/#\/schema\/logo\/image\/\",\"url\":\"https:\/\/etnalava.it\/wp-content\/uploads\/2024\/11\/etna-lava-volcano-guide-logo.png\",\"contentUrl\":\"https:\/\/etnalava.it\/wp-content\/uploads\/2024\/11\/etna-lava-volcano-guide-logo.png\",\"width\":5961,\"height\":6251,\"caption\":\"Etna Lava Volcano Guide\"},\"image\":{\"@id\":\"https:\/\/etnalava.it\/fr\/#\/schema\/logo\/image\/\"}}]}<\/script>\n<!-- \/ Yoast SEO plugin. -->","yoast_head_json":{"title":"Politique d'annulation de la lave de l'Etna","robots":{"index":"index","follow":"follow","max-snippet":"max-snippet:-1","max-image-preview":"max-image-preview:large","max-video-preview":"max-video-preview:-1"},"canonical":"https:\/\/etnalava.it\/fr\/politique-dannulation\/","og_locale":"fr_FR","og_type":"article","og_title":"Politique d'annulation de la lave de l'Etna","og_description":"La confiance au premier rang, toujours. Da Etna Lava croit que l&rsquo;exp\u00e9rience d&rsquo;une escapade commence avec la confiance et la s\u00e9r\u00e9nit\u00e9. C&rsquo;est pourquoi nous ne demandons pas de paiement anticip\u00e9 pour la majeure partie de nos pr\u00e9paratifs. Nous savons que la vie peut \u00eatre marqu\u00e9e par des impr\u00e9vus et nous souhaitons que vous puissiez organiser [&hellip;]","og_url":"https:\/\/etnalava.it\/fr\/politique-dannulation\/","og_site_name":"Etna Lava Volcano Guide","article_modified_time":"2024-12-29T10:15:36+00:00","og_image":[{"width":2560,"height":1920,"url":"https:\/\/etnalava.it\/wp-content\/uploads\/2024\/12\/trekking-valle-del-bove-etna-scaled.jpg","type":"image\/jpeg"}],"twitter_card":"summary_large_image","twitter_misc":{"Dur\u00e9e de lecture estim\u00e9e":"2 minutes"},"schema":{"@context":"https:\/\/schema.org","@graph":[{"@type":"WebPage","@id":"https:\/\/etnalava.it\/fr\/politique-dannulation\/","url":"https:\/\/etnalava.it\/fr\/politique-dannulation\/","name":"Politique d'annulation de la lave de l'Etna","isPartOf":{"@id":"https:\/\/etnalava.it\/fr\/#website"},"primaryImageOfPage":{"@id":"https:\/\/etnalava.it\/fr\/politique-dannulation\/#primaryimage"},"image":{"@id":"https:\/\/etnalava.it\/fr\/politique-dannulation\/#primaryimage"},"thumbnailUrl":"https:\/\/etnalava.it\/wp-content\/uploads\/2024\/12\/trekking-valle-del-bove-etna-scaled.jpg","datePublished":"2024-12-24T20:26:08+00:00","dateModified":"2024-12-29T10:15:36+00:00","breadcrumb":{"@id":"https:\/\/etnalava.it\/fr\/politique-dannulation\/#breadcrumb"},"inLanguage":"fr-FR","potentialAction":[{"@type":"ReadAction","target":["https:\/\/etnalava.it\/fr\/politique-dannulation\/"]}]},{"@type":"ImageObject","inLanguage":"fr-FR","@id":"https:\/\/etnalava.it\/fr\/politique-dannulation\/#primaryimage","url":"https:\/\/etnalava.it\/wp-content\/uploads\/2024\/12\/trekking-valle-del-bove-etna-scaled.jpg","contentUrl":"https:\/\/etnalava.it\/wp-content\/uploads\/2024\/12\/trekking-valle-del-bove-etna-scaled.jpg","width":2560,"height":1920,"caption":"trekking valle del bove etna scaled"},{"@type":"BreadcrumbList","@id":"https:\/\/etnalava.it\/fr\/politique-dannulation\/#breadcrumb","itemListElement":[{"@type":"ListItem","position":1,"name":"Home","item":"https:\/\/etnalava.it\/fr\/"},{"@type":"ListItem","position":2,"name":"Politique d&rsquo;annulation"}]},{"@type":"WebSite","@id":"https:\/\/etnalava.it\/fr\/#website","url":"https:\/\/etnalava.it\/fr\/","name":"Etna Lava Volcano Guide","description":"","publisher":{"@id":"https:\/\/etnalava.it\/fr\/#organization"},"potentialAction":[{"@type":"SearchAction","target":{"@type":"EntryPoint","urlTemplate":"https:\/\/etnalava.it\/fr\/?s={search_term_string}"},"query-input":{"@type":"PropertyValueSpecification","valueRequired":true,"valueName":"search_term_string"}}],"inLanguage":"fr-FR"},{"@type":"Organization","@id":"https:\/\/etnalava.it\/fr\/#organization","name":"Etna Lava Volcano Guide","url":"https:\/\/etnalava.it\/fr\/","logo":{"@type":"ImageObject","inLanguage":"fr-FR","@id":"https:\/\/etnalava.it\/fr\/#\/schema\/logo\/image\/","url":"https:\/\/etnalava.it\/wp-content\/uploads\/2024\/11\/etna-lava-volcano-guide-logo.png","contentUrl":"https:\/\/etnalava.it\/wp-content\/uploads\/2024\/11\/etna-lava-volcano-guide-logo.png","width":5961,"height":6251,"caption":"Etna Lava Volcano Guide"},"image":{"@id":"https:\/\/etnalava.it\/fr\/#\/schema\/logo\/image\/"}}]}},"_links":{"self":[{"href":"https:\/\/etnalava.it\/fr\/wp-json\/wp\/v2\/pages\/3081","targetHints":{"allow":["GET"]}}],"collection":[{"href":"https:\/\/etnalava.it\/fr\/wp-json\/wp\/v2\/pages"}],"about":[{"href":"https:\/\/etnalava.it\/fr\/wp-json\/wp\/v2\/types\/page"}],"author":[{"embeddable":true,"href":"https:\/\/etnalava.it\/fr\/wp-json\/wp\/v2\/users\/1"}],"replies":[{"embeddable":true,"href":"https:\/\/etnalava.it\/fr\/wp-json\/wp\/v2\/comments?post=3081"}],"version-history":[{"count":2,"href":"https:\/\/etnalava.it\/fr\/wp-json\/wp\/v2\/pages\/3081\/revisions"}],"predecessor-version":[{"id":3084,"href":"https:\/\/etnalava.it\/fr\/wp-json\/wp\/v2\/pages\/3081\/revisions\/3084"}],"wp:featuredmedia":[{"embeddable":true,"href":"https:\/\/etnalava.it\/fr\/wp-json\/wp\/v2\/media\/2644"}],"wp:attachment":[{"href":"https:\/\/etnalava.it\/fr\/wp-json\/wp\/v2\/media?parent=3081"}],"curies":[{"name":"wp","href":"https:\/\/api.w.org\/{rel}","templated":true}]}}